{"id":56,"date":"2020-10-20T16:53:59","date_gmt":"2020-10-20T14:53:59","guid":{"rendered":"http:\/\/wernerhuesgen.de\/en\/?page_id=56"},"modified":"2021-08-04T11:06:49","modified_gmt":"2021-08-04T09:06:49","slug":"imprint","status":"publish","type":"page","link":"https:\/\/wernerhuesgen.de\/en\/imprint\/","title":{"rendered":"imprint"},"content":{"rendered":"\t\t<div data-elementor-type=\"wp-page\" data-elementor-id=\"56\" class=\"elementor elementor-56\" data-elementor-post-type=\"page\">\n\t\t\t\t\t\t<section class=\"elementor-section elementor-top-section elementor-element elementor-element-cdeddf5 elementor-section-boxed elementor-section-height-default elementor-section-height-default\" data-id=\"cdeddf5\" data-element_type=\"section\" data-e-type=\"section\">\n\t\t\t\t\t\t<div class=\"elementor-container elementor-column-gap-default\">\n\t\t\t\t\t<div class=\"elementor-column elementor-col-100 elementor-top-column elementor-element elementor-element-cd420d8\" data-id=\"cd420d8\" data-element_type=\"column\" data-e-type=\"column\">\n\t\t\t<div class=\"elementor-widget-wrap elementor-element-populated\">\n\t\t\t\t\t\t<div class=\"elementor-element elementor-element-3b04207 elementor-widget elementor-widget-heading\" data-id=\"3b04207\" data-element_type=\"widget\" data-e-type=\"widget\" data-widget_type=\"heading.default\">\n\t\t\t\t<div class=\"elementor-widget-container\">\n\t\t\t\t\t<h1 class=\"elementor-heading-title elementor-size-default\">imprint<\/h1>\t\t\t\t<\/div>\n\t\t\t\t<\/div>\n\t\t\t\t<div class=\"elementor-element elementor-element-6fc02ee elementor-widget elementor-widget-text-editor\" data-id=\"6fc02ee\" data-element_type=\"widget\" data-e-type=\"widget\" data-widget_type=\"text-editor.default\">\n\t\t\t\t<div class=\"elementor-widget-container\">\n\t\t\t\t\t\t\t\t\t<p class=\"bodytext\"><b>Angaben gem\u00e4\u00df \u00a7 5 TMG:<\/b><\/p><p class=\"bodytext\">Werner H\u00fcsgen<br \/>Hauptstra\u00dfe 6<br \/>52066 Aachen<\/p><p class=\"bodytext\"><b>Kontakt:<\/b><\/p><p class=\"bodytext\">Telefon: 0171 4641493<br \/>E-Mail:\u00a0<a>wernerhuesgen(at)gmail.com<\/a><\/p><p class=\"bodytext\"><b>Haftungsausschluss (Disclaimer)<\/b><\/p><p class=\"bodytext\"><b>Haftung f\u00fcr Inhalte<\/b><\/p><p class=\"bodytext\">Als Diensteanbieter sind wir gem\u00e4\u00df \u00a7 7 Abs.1 TMG f\u00fcr eigene Inhalte auf diesen Seiten nach den allgemeinen Gesetzen verantwortlich. Nach \u00a7\u00a7 8 bis 10 TMG sind wir als Diensteanbieter jedoch nicht verpflichtet, \u00fcbermittelte oder gespeicherte fremde Informationen zu \u00fcberwachen oder nach Umst\u00e4nden zu forschen, die auf eine rechtswidrige T\u00e4tigkeit hinweisen. Verpflichtungen zur Entfernung oder Sperrung der Nutzung von Informationen nach den allgemeinen Gesetzen bleiben hiervon unber\u00fchrt. Eine diesbez\u00fcgliche Haftung ist jedoch erst ab dem Zeitpunkt der Kenntnis einer konkreten Rechtsverletzung m\u00f6glich.. Bei Bekanntwerden von entsprechenden Rechtsverletzungen werden wir diese Inhalte umgehend entfernen.<\/p><p class=\"bodytext\"><b>Haftung f\u00fcr Links<\/b><\/p><p class=\"bodytext\">Unser Angebot enth\u00e4lt Links zu externen Webseiten Dritter, auf deren Inhalte wir keinen Einfluss haben. Deshalb k\u00f6nnen wir f\u00fcr diese fremden Inhalte auch keine Gew\u00e4hr \u00fcbernehmen. F\u00fcr die Inhalte der verlinkten Seiten ist stets der jeweilige Anbieter oder Betreiber der Seiten verantwortlich. Die verlinkten Seiten wurden zum Zeitpunkt der Verlinkung auf m\u00f6gliche Rechtsverst\u00f6\u00dfe \u00fcberpr\u00fcft. Rechtswidrige Inhalte waren zum Zeitpunkt der Verlinkung nicht erkennbar. Eine permanente inhaltliche Kontrolle der verlinkten Seiten ist jedoch ohne konkrete Anhaltspunkte einer Rechtsverletzung nicht zumutbar. Bei Bekanntwerden von Rechtsverletzungen werden wir derartige Links umgehend entfernen.<\/p><p class=\"bodytext\"><b>Urheberrecht<\/b><\/p><p class=\"bodytext\">Die durch die Seitenbetreiber erstellten Inhalte und Werke auf diesen Seiten unterliegen dem deutschen Urheberrecht. Die Vervielf\u00e4ltigung, Bearbeitung, Verbreitung und jede Art der Verwertung au\u00dferhalb der Grenzen des Urheberrechtes bed\u00fcrfen der schriftlichen Zustimmung des jeweiligen Autors bzw. Erstellers. Downloads und Kopien dieser Seite sind nur f\u00fcr den privaten, nicht kommerziellen Gebrauch gestattet. Soweit die Inhalte auf dieser Seite nicht vom Betreiber erstellt wurden, werden die Urheberrechte Dritter beachtet. Insbesondere werden Inhalte Dritter als solche gekennzeichnet. Sollten Sie trotzdem auf eine Urheberrechtsverletzung aufmerksam werden, bitten wir um einen entsprechenden Hinweis. Bei Bekanntwerden von Rechtsverletzungen werden wir derartige Inhalte umgehend entfernen.<\/p>\t\t\t\t\t\t\t\t<\/div>\n\t\t\t\t<\/div>\n\t\t\t\t\t<\/div>\n\t\t<\/div>\n\t\t\t\t\t<\/div>\n\t\t<\/section>\n\t\t\t\t<\/div>\n\t\t","protected":false},"excerpt":{"rendered":"<p>imprint Angaben gem\u00e4\u00df \u00a7 5 TMG: Werner H\u00fcsgenHauptstra\u00dfe 652066 Aachen Kontakt: Telefon: 0171 4641493E-Mail:\u00a0wernerhuesgen(at)gmail.com Haftungsausschluss (Disclaimer) Haftung f\u00fcr Inhalte Als Diensteanbieter sind wir gem\u00e4\u00df \u00a7 7 Abs.1 TMG f\u00fcr eigene Inhalte auf diesen Seiten nach den allgemeinen Gesetzen verantwortlich. Nach \u00a7\u00a7 8 bis 10 TMG sind wir als Diensteanbieter jedoch nicht verpflichtet, \u00fcbermittelte oder gespeicherte [&hellip;]<\/p>\n","protected":false},"author":2,"featured_media":0,"parent":0,"menu_order":0,"comment_status":"closed","ping_status":"closed","template":"","meta":{"inline_featured_image":false,"footnotes":""},"class_list":["post-56","page","type-page","status-publish","hentry"],"yoast_head":"<!-- This site is optimized with the Yoast SEO plugin v27.4 - https:\/\/yoast.com\/product\/yoast-seo-wordpress\/ -->\n<title>imprint - Werner H\u00fcsgen EN<\/title>\n<meta name=\"robots\" content=\"index, follow, max-snippet:-1, max-image-preview:large, max-video-preview:-1\" \/>\n<link rel=\"canonical\" href=\"https:\/\/wernerhuesgen.de\/en\/imprint\/\" \/>\n<meta property=\"og:locale\" content=\"de_DE\" \/>\n<meta property=\"og:type\" content=\"article\" \/>\n<meta property=\"og:title\" content=\"imprint - Werner H\u00fcsgen EN\" \/>\n<meta property=\"og:description\" content=\"imprint Angaben gem\u00e4\u00df \u00a7 5 TMG: Werner H\u00fcsgenHauptstra\u00dfe 652066 Aachen Kontakt: Telefon: 0171 4641493E-Mail:\u00a0wernerhuesgen(at)gmail.com Haftungsausschluss (Disclaimer) Haftung f\u00fcr Inhalte Als Diensteanbieter sind wir gem\u00e4\u00df \u00a7 7 Abs.1 TMG f\u00fcr eigene Inhalte auf diesen Seiten nach den allgemeinen Gesetzen verantwortlich. Nach \u00a7\u00a7 8 bis 10 TMG sind wir als Diensteanbieter jedoch nicht verpflichtet, \u00fcbermittelte oder gespeicherte [&hellip;]\" \/>\n<meta property=\"og:url\" content=\"https:\/\/wernerhuesgen.de\/en\/imprint\/\" \/>\n<meta property=\"og:site_name\" content=\"Werner H\u00fcsgen EN\" \/>\n<meta property=\"article:modified_time\" content=\"2021-08-04T09:06:49+00:00\" \/>\n<meta name=\"twitter:card\" content=\"summary_large_image\" \/>\n<meta name=\"twitter:label1\" content=\"Gesch\u00e4tzte Lesezeit\" \/>\n\t<meta name=\"twitter:data1\" content=\"2\u00a0Minuten\" \/>\n<script type=\"application\/ld+json\" class=\"yoast-schema-graph\">{\"@context\":\"https:\\\/\\\/schema.org\",\"@graph\":[{\"@type\":\"WebPage\",\"@id\":\"https:\\\/\\\/wernerhuesgen.de\\\/en\\\/imprint\\\/\",\"url\":\"https:\\\/\\\/wernerhuesgen.de\\\/en\\\/imprint\\\/\",\"name\":\"imprint - Werner H\u00fcsgen EN\",\"isPartOf\":{\"@id\":\"https:\\\/\\\/wernerhuesgen.de\\\/en\\\/#website\"},\"datePublished\":\"2020-10-20T14:53:59+00:00\",\"dateModified\":\"2021-08-04T09:06:49+00:00\",\"breadcrumb\":{\"@id\":\"https:\\\/\\\/wernerhuesgen.de\\\/en\\\/imprint\\\/#breadcrumb\"},\"inLanguage\":\"de\",\"potentialAction\":[{\"@type\":\"ReadAction\",\"target\":[\"https:\\\/\\\/wernerhuesgen.de\\\/en\\\/imprint\\\/\"]}]},{\"@type\":\"BreadcrumbList\",\"@id\":\"https:\\\/\\\/wernerhuesgen.de\\\/en\\\/imprint\\\/#breadcrumb\",\"itemListElement\":[{\"@type\":\"ListItem\",\"position\":1,\"name\":\"Startseite\",\"item\":\"https:\\\/\\\/wernerhuesgen.de\\\/en\\\/\"},{\"@type\":\"ListItem\",\"position\":2,\"name\":\"imprint\"}]},{\"@type\":\"WebSite\",\"@id\":\"https:\\\/\\\/wernerhuesgen.de\\\/en\\\/#website\",\"url\":\"https:\\\/\\\/wernerhuesgen.de\\\/en\\\/\",\"name\":\"Werner H\u00fcsgen EN\",\"description\":\"\",\"potentialAction\":[{\"@type\":\"SearchAction\",\"target\":{\"@type\":\"EntryPoint\",\"urlTemplate\":\"https:\\\/\\\/wernerhuesgen.de\\\/en\\\/?s={search_term_string}\"},\"query-input\":{\"@type\":\"PropertyValueSpecification\",\"valueRequired\":true,\"valueName\":\"search_term_string\"}}],\"inLanguage\":\"de\"}]}<\/script>\n<!-- \/ Yoast SEO plugin. -->","yoast_head_json":{"title":"imprint - Werner H\u00fcsgen EN","robots":{"index":"index","follow":"follow","max-snippet":"max-snippet:-1","max-image-preview":"max-image-preview:large","max-video-preview":"max-video-preview:-1"},"canonical":"https:\/\/wernerhuesgen.de\/en\/imprint\/","og_locale":"de_DE","og_type":"article","og_title":"imprint - Werner H\u00fcsgen EN","og_description":"imprint Angaben gem\u00e4\u00df \u00a7 5 TMG: Werner H\u00fcsgenHauptstra\u00dfe 652066 Aachen Kontakt: Telefon: 0171 4641493E-Mail:\u00a0wernerhuesgen(at)gmail.com Haftungsausschluss (Disclaimer) Haftung f\u00fcr Inhalte Als Diensteanbieter sind wir gem\u00e4\u00df \u00a7 7 Abs.1 TMG f\u00fcr eigene Inhalte auf diesen Seiten nach den allgemeinen Gesetzen verantwortlich. Nach \u00a7\u00a7 8 bis 10 TMG sind wir als Diensteanbieter jedoch nicht verpflichtet, \u00fcbermittelte oder gespeicherte [&hellip;]","og_url":"https:\/\/wernerhuesgen.de\/en\/imprint\/","og_site_name":"Werner H\u00fcsgen EN","article_modified_time":"2021-08-04T09:06:49+00:00","twitter_card":"summary_large_image","twitter_misc":{"Gesch\u00e4tzte Lesezeit":"2\u00a0Minuten"},"schema":{"@context":"https:\/\/schema.org","@graph":[{"@type":"WebPage","@id":"https:\/\/wernerhuesgen.de\/en\/imprint\/","url":"https:\/\/wernerhuesgen.de\/en\/imprint\/","name":"imprint - Werner H\u00fcsgen EN","isPartOf":{"@id":"https:\/\/wernerhuesgen.de\/en\/#website"},"datePublished":"2020-10-20T14:53:59+00:00","dateModified":"2021-08-04T09:06:49+00:00","breadcrumb":{"@id":"https:\/\/wernerhuesgen.de\/en\/imprint\/#breadcrumb"},"inLanguage":"de","potentialAction":[{"@type":"ReadAction","target":["https:\/\/wernerhuesgen.de\/en\/imprint\/"]}]},{"@type":"BreadcrumbList","@id":"https:\/\/wernerhuesgen.de\/en\/imprint\/#breadcrumb","itemListElement":[{"@type":"ListItem","position":1,"name":"Startseite","item":"https:\/\/wernerhuesgen.de\/en\/"},{"@type":"ListItem","position":2,"name":"imprint"}]},{"@type":"WebSite","@id":"https:\/\/wernerhuesgen.de\/en\/#website","url":"https:\/\/wernerhuesgen.de\/en\/","name":"Werner H\u00fcsgen EN","description":"","potentialAction":[{"@type":"SearchAction","target":{"@type":"EntryPoint","urlTemplate":"https:\/\/wernerhuesgen.de\/en\/?s={search_term_string}"},"query-input":{"@type":"PropertyValueSpecification","valueRequired":true,"valueName":"search_term_string"}}],"inLanguage":"de"}]}},"_links":{"self":[{"href":"https:\/\/wernerhuesgen.de\/en\/wp-json\/wp\/v2\/pages\/56","targetHints":{"allow":["GET"]}}],"collection":[{"href":"https:\/\/wernerhuesgen.de\/en\/wp-json\/wp\/v2\/pages"}],"about":[{"href":"https:\/\/wernerhuesgen.de\/en\/wp-json\/wp\/v2\/types\/page"}],"author":[{"embeddable":true,"href":"https:\/\/wernerhuesgen.de\/en\/wp-json\/wp\/v2\/users\/2"}],"replies":[{"embeddable":true,"href":"https:\/\/wernerhuesgen.de\/en\/wp-json\/wp\/v2\/comments?post=56"}],"version-history":[{"count":8,"href":"https:\/\/wernerhuesgen.de\/en\/wp-json\/wp\/v2\/pages\/56\/revisions"}],"predecessor-version":[{"id":354,"href":"https:\/\/wernerhuesgen.de\/en\/wp-json\/wp\/v2\/pages\/56\/revisions\/354"}],"wp:attachment":[{"href":"https:\/\/wernerhuesgen.de\/en\/wp-json\/wp\/v2\/media?parent=56"}],"curies":[{"name":"wp","href":"https:\/\/api.w.org\/{rel}","templated":true}]}}