{"id":54,"date":"2020-10-20T16:53:48","date_gmt":"2020-10-20T14:53:48","guid":{"rendered":"http:\/\/wernerhuesgen.de\/en\/?page_id=54"},"modified":"2021-08-04T11:06:41","modified_gmt":"2021-08-04T09:06:41","slug":"contact","status":"publish","type":"page","link":"https:\/\/wernerhuesgen.de\/en\/contact\/","title":{"rendered":"contact"},"content":{"rendered":"\t\t<div data-elementor-type=\"wp-page\" data-elementor-id=\"54\" class=\"elementor elementor-54\" data-elementor-post-type=\"page\">\n\t\t\t\t\t\t<section class=\"elementor-section elementor-top-section elementor-element elementor-element-42ecd6c elementor-section-boxed elementor-section-height-default elementor-section-height-default\" data-id=\"42ecd6c\" data-element_type=\"section\" data-e-type=\"section\">\n\t\t\t\t\t\t<div class=\"elementor-container elementor-column-gap-default\">\n\t\t\t\t\t<div class=\"elementor-column elementor-col-100 elementor-top-column elementor-element elementor-element-92594ab\" data-id=\"92594ab\" data-element_type=\"column\" data-e-type=\"column\">\n\t\t\t<div class=\"elementor-widget-wrap elementor-element-populated\">\n\t\t\t\t\t\t<div class=\"elementor-element elementor-element-e37e3c6 elementor-widget elementor-widget-heading\" data-id=\"e37e3c6\" data-element_type=\"widget\" data-e-type=\"widget\" data-widget_type=\"heading.default\">\n\t\t\t\t<div class=\"elementor-widget-container\">\n\t\t\t\t\t<h1 class=\"elementor-heading-title elementor-size-default\">contact<\/h1>\t\t\t\t<\/div>\n\t\t\t\t<\/div>\n\t\t\t\t<div class=\"elementor-element elementor-element-b229794 elementor-widget elementor-widget-text-editor\" data-id=\"b229794\" data-element_type=\"widget\" data-e-type=\"widget\" data-widget_type=\"text-editor.default\">\n\t\t\t\t<div class=\"elementor-widget-container\">\n\t\t\t\t\t\t\t\t\t<p class=\"bodytext\">F\u00fcr Anfragen, Termine und Preise bitte per Mail oder Telefon Kontakt aufnehmen.<\/p><p class=\"bodytext\">Werner H\u00fcsgen<br \/>Hauptstra\u00dfe 6<br \/>D-52066 Aachen<\/p><p class=\"bodytext\">Mobil: +49 (0)171 4641493<\/p><p class=\"bodytext\">E-Mail:\u00a0<a>wernerhuesgen(at)gmail.com<\/a><\/p><p class=\"bodytext\">Web: wernerhuesgen.de<\/p>\t\t\t\t\t\t\t\t<\/div>\n\t\t\t\t<\/div>\n\t\t\t\t\t<\/div>\n\t\t<\/div>\n\t\t\t\t\t<\/div>\n\t\t<\/section>\n\t\t\t\t<\/div>\n\t\t","protected":false},"excerpt":{"rendered":"<p>contact F\u00fcr Anfragen, Termine und Preise bitte per Mail oder Telefon Kontakt aufnehmen. Werner H\u00fcsgenHauptstra\u00dfe 6D-52066 Aachen Mobil: +49 (0)171 4641493 E-Mail:\u00a0wernerhuesgen(at)gmail.com Web: wernerhuesgen.de<\/p>\n","protected":false},"author":2,"featured_media":0,"parent":0,"menu_order":0,"comment_status":"closed","ping_status":"closed","template":"","meta":{"inline_featured_image":false,"footnotes":""},"class_list":["post-54","page","type-page","status-publish","hentry"],"yoast_head":"<!-- This site is optimized with the Yoast SEO plugin v27.4 - https:\/\/yoast.com\/product\/yoast-seo-wordpress\/ -->\n<title>contact - Werner H\u00fcsgen EN<\/title>\n<meta name=\"robots\" content=\"index, follow, max-snippet:-1, max-image-preview:large, max-video-preview:-1\" \/>\n<link rel=\"canonical\" href=\"https:\/\/wernerhuesgen.de\/en\/contact\/\" \/>\n<meta property=\"og:locale\" content=\"de_DE\" \/>\n<meta property=\"og:type\" content=\"article\" \/>\n<meta property=\"og:title\" content=\"contact - Werner H\u00fcsgen EN\" \/>\n<meta property=\"og:description\" content=\"contact F\u00fcr Anfragen, Termine und Preise bitte per Mail oder Telefon Kontakt aufnehmen. Werner H\u00fcsgenHauptstra\u00dfe 6D-52066 Aachen Mobil: +49 (0)171 4641493 E-Mail:\u00a0wernerhuesgen(at)gmail.com Web: wernerhuesgen.de\" \/>\n<meta property=\"og:url\" content=\"https:\/\/wernerhuesgen.de\/en\/contact\/\" \/>\n<meta property=\"og:site_name\" content=\"Werner H\u00fcsgen EN\" \/>\n<meta property=\"article:modified_time\" content=\"2021-08-04T09:06:41+00:00\" \/>\n<meta name=\"twitter:card\" content=\"summary_large_image\" \/>\n<meta name=\"twitter:label1\" content=\"Gesch\u00e4tzte Lesezeit\" \/>\n\t<meta name=\"twitter:data1\" content=\"1\u00a0Minute\" \/>\n<script type=\"application\/ld+json\" class=\"yoast-schema-graph\">{\"@context\":\"https:\\\/\\\/schema.org\",\"@graph\":[{\"@type\":\"WebPage\",\"@id\":\"https:\\\/\\\/wernerhuesgen.de\\\/en\\\/contact\\\/\",\"url\":\"https:\\\/\\\/wernerhuesgen.de\\\/en\\\/contact\\\/\",\"name\":\"contact - Werner H\u00fcsgen EN\",\"isPartOf\":{\"@id\":\"https:\\\/\\\/wernerhuesgen.de\\\/en\\\/#website\"},\"datePublished\":\"2020-10-20T14:53:48+00:00\",\"dateModified\":\"2021-08-04T09:06:41+00:00\",\"breadcrumb\":{\"@id\":\"https:\\\/\\\/wernerhuesgen.de\\\/en\\\/contact\\\/#breadcrumb\"},\"inLanguage\":\"de\",\"potentialAction\":[{\"@type\":\"ReadAction\",\"target\":[\"https:\\\/\\\/wernerhuesgen.de\\\/en\\\/contact\\\/\"]}]},{\"@type\":\"BreadcrumbList\",\"@id\":\"https:\\\/\\\/wernerhuesgen.de\\\/en\\\/contact\\\/#breadcrumb\",\"itemListElement\":[{\"@type\":\"ListItem\",\"position\":1,\"name\":\"Startseite\",\"item\":\"https:\\\/\\\/wernerhuesgen.de\\\/en\\\/\"},{\"@type\":\"ListItem\",\"position\":2,\"name\":\"contact\"}]},{\"@type\":\"WebSite\",\"@id\":\"https:\\\/\\\/wernerhuesgen.de\\\/en\\\/#website\",\"url\":\"https:\\\/\\\/wernerhuesgen.de\\\/en\\\/\",\"name\":\"Werner H\u00fcsgen EN\",\"description\":\"\",\"potentialAction\":[{\"@type\":\"SearchAction\",\"target\":{\"@type\":\"EntryPoint\",\"urlTemplate\":\"https:\\\/\\\/wernerhuesgen.de\\\/en\\\/?s={search_term_string}\"},\"query-input\":{\"@type\":\"PropertyValueSpecification\",\"valueRequired\":true,\"valueName\":\"search_term_string\"}}],\"inLanguage\":\"de\"}]}<\/script>\n<!-- \/ Yoast SEO plugin. -->","yoast_head_json":{"title":"contact - Werner H\u00fcsgen EN","robots":{"index":"index","follow":"follow","max-snippet":"max-snippet:-1","max-image-preview":"max-image-preview:large","max-video-preview":"max-video-preview:-1"},"canonical":"https:\/\/wernerhuesgen.de\/en\/contact\/","og_locale":"de_DE","og_type":"article","og_title":"contact - Werner H\u00fcsgen EN","og_description":"contact F\u00fcr Anfragen, Termine und Preise bitte per Mail oder Telefon Kontakt aufnehmen. Werner H\u00fcsgenHauptstra\u00dfe 6D-52066 Aachen Mobil: +49 (0)171 4641493 E-Mail:\u00a0wernerhuesgen(at)gmail.com Web: wernerhuesgen.de","og_url":"https:\/\/wernerhuesgen.de\/en\/contact\/","og_site_name":"Werner H\u00fcsgen EN","article_modified_time":"2021-08-04T09:06:41+00:00","twitter_card":"summary_large_image","twitter_misc":{"Gesch\u00e4tzte Lesezeit":"1\u00a0Minute"},"schema":{"@context":"https:\/\/schema.org","@graph":[{"@type":"WebPage","@id":"https:\/\/wernerhuesgen.de\/en\/contact\/","url":"https:\/\/wernerhuesgen.de\/en\/contact\/","name":"contact - Werner H\u00fcsgen EN","isPartOf":{"@id":"https:\/\/wernerhuesgen.de\/en\/#website"},"datePublished":"2020-10-20T14:53:48+00:00","dateModified":"2021-08-04T09:06:41+00:00","breadcrumb":{"@id":"https:\/\/wernerhuesgen.de\/en\/contact\/#breadcrumb"},"inLanguage":"de","potentialAction":[{"@type":"ReadAction","target":["https:\/\/wernerhuesgen.de\/en\/contact\/"]}]},{"@type":"BreadcrumbList","@id":"https:\/\/wernerhuesgen.de\/en\/contact\/#breadcrumb","itemListElement":[{"@type":"ListItem","position":1,"name":"Startseite","item":"https:\/\/wernerhuesgen.de\/en\/"},{"@type":"ListItem","position":2,"name":"contact"}]},{"@type":"WebSite","@id":"https:\/\/wernerhuesgen.de\/en\/#website","url":"https:\/\/wernerhuesgen.de\/en\/","name":"Werner H\u00fcsgen EN","description":"","potentialAction":[{"@type":"SearchAction","target":{"@type":"EntryPoint","urlTemplate":"https:\/\/wernerhuesgen.de\/en\/?s={search_term_string}"},"query-input":{"@type":"PropertyValueSpecification","valueRequired":true,"valueName":"search_term_string"}}],"inLanguage":"de"}]}},"_links":{"self":[{"href":"https:\/\/wernerhuesgen.de\/en\/wp-json\/wp\/v2\/pages\/54","targetHints":{"allow":["GET"]}}],"collection":[{"href":"https:\/\/wernerhuesgen.de\/en\/wp-json\/wp\/v2\/pages"}],"about":[{"href":"https:\/\/wernerhuesgen.de\/en\/wp-json\/wp\/v2\/types\/page"}],"author":[{"embeddable":true,"href":"https:\/\/wernerhuesgen.de\/en\/wp-json\/wp\/v2\/users\/2"}],"replies":[{"embeddable":true,"href":"https:\/\/wernerhuesgen.de\/en\/wp-json\/wp\/v2\/comments?post=54"}],"version-history":[{"count":8,"href":"https:\/\/wernerhuesgen.de\/en\/wp-json\/wp\/v2\/pages\/54\/revisions"}],"predecessor-version":[{"id":348,"href":"https:\/\/wernerhuesgen.de\/en\/wp-json\/wp\/v2\/pages\/54\/revisions\/348"}],"wp:attachment":[{"href":"https:\/\/wernerhuesgen.de\/en\/wp-json\/wp\/v2\/media?parent=54"}],"curies":[{"name":"wp","href":"https:\/\/api.w.org\/{rel}","templated":true}]}}