{"id":48,"date":"2020-10-20T16:53:10","date_gmt":"2020-10-20T14:53:10","guid":{"rendered":"http:\/\/wernerhuesgen.de\/en\/?page_id=48"},"modified":"2021-08-04T11:06:10","modified_gmt":"2021-08-04T09:06:10","slug":"teaching","status":"publish","type":"page","link":"https:\/\/wernerhuesgen.de\/en\/teaching\/","title":{"rendered":"teaching"},"content":{"rendered":"\t\t<div data-elementor-type=\"wp-page\" data-elementor-id=\"48\" class=\"elementor elementor-48\" data-elementor-post-type=\"page\">\n\t\t\t\t\t\t<section class=\"elementor-section elementor-top-section elementor-element elementor-element-d681fc2 elementor-section-boxed elementor-section-height-default elementor-section-height-default\" data-id=\"d681fc2\" data-element_type=\"section\" data-e-type=\"section\">\n\t\t\t\t\t\t<div class=\"elementor-container elementor-column-gap-default\">\n\t\t\t\t\t<div class=\"elementor-column elementor-col-100 elementor-top-column elementor-element elementor-element-2e5f25d\" data-id=\"2e5f25d\" data-element_type=\"column\" data-e-type=\"column\">\n\t\t\t<div class=\"elementor-widget-wrap elementor-element-populated\">\n\t\t\t\t\t\t<div class=\"elementor-element elementor-element-cec54c6 elementor-widget elementor-widget-heading\" data-id=\"cec54c6\" data-element_type=\"widget\" data-e-type=\"widget\" data-widget_type=\"heading.default\">\n\t\t\t\t<div class=\"elementor-widget-container\">\n\t\t\t\t\t<h1 class=\"elementor-heading-title elementor-size-default\">teaching<\/h1>\t\t\t\t<\/div>\n\t\t\t\t<\/div>\n\t\t\t\t<section class=\"elementor-section elementor-inner-section elementor-element elementor-element-384455b elementor-section-boxed elementor-section-height-default elementor-section-height-default\" data-id=\"384455b\" data-element_type=\"section\" data-e-type=\"section\">\n\t\t\t\t\t\t<div class=\"elementor-container elementor-column-gap-default\">\n\t\t\t\t\t<div class=\"elementor-column elementor-col-50 elementor-inner-column elementor-element elementor-element-45caa96\" data-id=\"45caa96\" data-element_type=\"column\" data-e-type=\"column\">\n\t\t\t<div class=\"elementor-widget-wrap elementor-element-populated\">\n\t\t\t\t\t\t<div class=\"elementor-element elementor-element-0a1d10e elementor-widget elementor-widget-image\" data-id=\"0a1d10e\" data-element_type=\"widget\" data-e-type=\"widget\" data-widget_type=\"image.default\">\n\t\t\t\t<div class=\"elementor-widget-container\">\n\t\t\t\t\t\t\t\t\t\t\t\t\t\t\t<img fetchpriority=\"high\" decoding=\"async\" width=\"600\" height=\"400\" src=\"https:\/\/wernerhuesgen.de\/en\/wp-content\/uploads\/sites\/6\/2020\/10\/Werner_Huesgen.jpg\" class=\"attachment-large size-large wp-image-34\" alt=\"\" srcset=\"https:\/\/wernerhuesgen.de\/en\/wp-content\/uploads\/sites\/6\/2020\/10\/Werner_Huesgen.jpg 600w, https:\/\/wernerhuesgen.de\/en\/wp-content\/uploads\/sites\/6\/2020\/10\/Werner_Huesgen-300x200.jpg 300w\" sizes=\"(max-width: 600px) 100vw, 600px\" \/>\t\t\t\t\t\t\t\t\t\t\t\t\t\t\t<\/div>\n\t\t\t\t<\/div>\n\t\t\t\t\t<\/div>\n\t\t<\/div>\n\t\t\t\t<div class=\"elementor-column elementor-col-50 elementor-inner-column elementor-element elementor-element-e380fd5\" data-id=\"e380fd5\" data-element_type=\"column\" data-e-type=\"column\">\n\t\t\t<div class=\"elementor-widget-wrap elementor-element-populated\">\n\t\t\t\t\t\t<div class=\"elementor-element elementor-element-2186d70 elementor-widget elementor-widget-text-editor\" data-id=\"2186d70\" data-element_type=\"widget\" data-e-type=\"widget\" data-widget_type=\"text-editor.default\">\n\t\t\t\t<div class=\"elementor-widget-container\">\n\t\t\t\t\t\t\t\t\t<p><b>Werner H\u00fcsgen ist Dozent f\u00fcr Saxophon und Ensemblespiel. Er gibt Workshops und erteilt \u2013 wenn es die Zeit zul\u00e4sst und bei gegenseitiger Wertsch\u00e4tzung \u2013 anspruchsvollen Privatunterricht auch f\u00fcr Sie!<\/b><\/p>\n<p>Im Laufe seines Musikerlebens hat Werner H\u00fcsgen schon viele am Saxophon Interessierte in Theorie und Praxis unterrichtet.<\/p>\n<p>Aktuell lehrt er im Rahmen des Kulturagenten-Programms der Kulturstiftung des Bundes und hat einen Lehrauftrag an der Universit\u00e4t K\u00f6ln. Dort gibt er Kurse f\u00fcr Saxophon, Improvisation und Ensemblespiel. Dar\u00fcber hinaus unterrichtet er an der von ihm mitbegr\u00fcndeten freien Musikschule \u201eMusic Loft\u201c in Aachen Jazzensemble, diverse Rhythmus- und Theoriekurse und bereitet auf die Aufnahmepr\u00fcfung an Musikhochschulen vor.<\/p>\n<p><b>Privatunterricht<\/b><\/p>\n<p>F\u00fcr ambitionierte Saxophonspieler erteilt er auch Privatunterricht auf Anfrage.<\/p>\t\t\t\t\t\t\t\t<\/div>\n\t\t\t\t<\/div>\n\t\t\t\t\t<\/div>\n\t\t<\/div>\n\t\t\t\t\t<\/div>\n\t\t<\/section>\n\t\t\t\t\t<\/div>\n\t\t<\/div>\n\t\t\t\t\t<\/div>\n\t\t<\/section>\n\t\t\t\t<\/div>\n\t\t","protected":false},"excerpt":{"rendered":"<p>teaching Werner H\u00fcsgen ist Dozent f\u00fcr Saxophon und Ensemblespiel. Er gibt Workshops und erteilt \u2013 wenn es die Zeit zul\u00e4sst und bei gegenseitiger Wertsch\u00e4tzung \u2013 anspruchsvollen Privatunterricht auch f\u00fcr Sie! Im Laufe seines Musikerlebens hat Werner H\u00fcsgen schon viele am Saxophon Interessierte in Theorie und Praxis unterrichtet. Aktuell lehrt er im Rahmen des Kulturagenten-Programms der [&hellip;]<\/p>\n","protected":false},"author":2,"featured_media":0,"parent":0,"menu_order":0,"comment_status":"closed","ping_status":"closed","template":"","meta":{"inline_featured_image":false,"footnotes":""},"class_list":["post-48","page","type-page","status-publish","hentry"],"yoast_head":"<!-- This site is optimized with the Yoast SEO plugin v27.4 - https:\/\/yoast.com\/product\/yoast-seo-wordpress\/ -->\n<title>teaching - Werner H\u00fcsgen EN<\/title>\n<meta name=\"robots\" content=\"index, follow, max-snippet:-1, max-image-preview:large, max-video-preview:-1\" \/>\n<link rel=\"canonical\" href=\"https:\/\/wernerhuesgen.de\/en\/teaching\/\" \/>\n<meta property=\"og:locale\" content=\"de_DE\" \/>\n<meta property=\"og:type\" content=\"article\" \/>\n<meta property=\"og:title\" content=\"teaching - Werner H\u00fcsgen EN\" \/>\n<meta property=\"og:description\" content=\"teaching Werner H\u00fcsgen ist Dozent f\u00fcr Saxophon und Ensemblespiel. Er gibt Workshops und erteilt \u2013 wenn es die Zeit zul\u00e4sst und bei gegenseitiger Wertsch\u00e4tzung \u2013 anspruchsvollen Privatunterricht auch f\u00fcr Sie! Im Laufe seines Musikerlebens hat Werner H\u00fcsgen schon viele am Saxophon Interessierte in Theorie und Praxis unterrichtet. Aktuell lehrt er im Rahmen des Kulturagenten-Programms der [&hellip;]\" \/>\n<meta property=\"og:url\" content=\"https:\/\/wernerhuesgen.de\/en\/teaching\/\" \/>\n<meta property=\"og:site_name\" content=\"Werner H\u00fcsgen EN\" \/>\n<meta property=\"article:modified_time\" content=\"2021-08-04T09:06:10+00:00\" \/>\n<meta property=\"og:image\" content=\"https:\/\/wernerhuesgen.de\/en\/wp-content\/uploads\/sites\/6\/2020\/10\/Werner_Huesgen.jpg\" \/>\n<meta name=\"twitter:card\" content=\"summary_large_image\" \/>\n<meta name=\"twitter:label1\" content=\"Gesch\u00e4tzte Lesezeit\" \/>\n\t<meta name=\"twitter:data1\" content=\"1\u00a0Minute\" \/>\n<script type=\"application\/ld+json\" class=\"yoast-schema-graph\">{\"@context\":\"https:\\\/\\\/schema.org\",\"@graph\":[{\"@type\":\"WebPage\",\"@id\":\"https:\\\/\\\/wernerhuesgen.de\\\/en\\\/teaching\\\/\",\"url\":\"https:\\\/\\\/wernerhuesgen.de\\\/en\\\/teaching\\\/\",\"name\":\"teaching - Werner H\u00fcsgen EN\",\"isPartOf\":{\"@id\":\"https:\\\/\\\/wernerhuesgen.de\\\/en\\\/#website\"},\"primaryImageOfPage\":{\"@id\":\"https:\\\/\\\/wernerhuesgen.de\\\/en\\\/teaching\\\/#primaryimage\"},\"image\":{\"@id\":\"https:\\\/\\\/wernerhuesgen.de\\\/en\\\/teaching\\\/#primaryimage\"},\"thumbnailUrl\":\"https:\\\/\\\/wernerhuesgen.de\\\/en\\\/wp-content\\\/uploads\\\/sites\\\/6\\\/2020\\\/10\\\/Werner_Huesgen.jpg\",\"datePublished\":\"2020-10-20T14:53:10+00:00\",\"dateModified\":\"2021-08-04T09:06:10+00:00\",\"breadcrumb\":{\"@id\":\"https:\\\/\\\/wernerhuesgen.de\\\/en\\\/teaching\\\/#breadcrumb\"},\"inLanguage\":\"de\",\"potentialAction\":[{\"@type\":\"ReadAction\",\"target\":[\"https:\\\/\\\/wernerhuesgen.de\\\/en\\\/teaching\\\/\"]}]},{\"@type\":\"ImageObject\",\"inLanguage\":\"de\",\"@id\":\"https:\\\/\\\/wernerhuesgen.de\\\/en\\\/teaching\\\/#primaryimage\",\"url\":\"https:\\\/\\\/wernerhuesgen.de\\\/en\\\/wp-content\\\/uploads\\\/sites\\\/6\\\/2020\\\/10\\\/Werner_Huesgen.jpg\",\"contentUrl\":\"https:\\\/\\\/wernerhuesgen.de\\\/en\\\/wp-content\\\/uploads\\\/sites\\\/6\\\/2020\\\/10\\\/Werner_Huesgen.jpg\",\"width\":600,\"height\":400},{\"@type\":\"BreadcrumbList\",\"@id\":\"https:\\\/\\\/wernerhuesgen.de\\\/en\\\/teaching\\\/#breadcrumb\",\"itemListElement\":[{\"@type\":\"ListItem\",\"position\":1,\"name\":\"Startseite\",\"item\":\"https:\\\/\\\/wernerhuesgen.de\\\/en\\\/\"},{\"@type\":\"ListItem\",\"position\":2,\"name\":\"teaching\"}]},{\"@type\":\"WebSite\",\"@id\":\"https:\\\/\\\/wernerhuesgen.de\\\/en\\\/#website\",\"url\":\"https:\\\/\\\/wernerhuesgen.de\\\/en\\\/\",\"name\":\"Werner H\u00fcsgen EN\",\"description\":\"\",\"potentialAction\":[{\"@type\":\"SearchAction\",\"target\":{\"@type\":\"EntryPoint\",\"urlTemplate\":\"https:\\\/\\\/wernerhuesgen.de\\\/en\\\/?s={search_term_string}\"},\"query-input\":{\"@type\":\"PropertyValueSpecification\",\"valueRequired\":true,\"valueName\":\"search_term_string\"}}],\"inLanguage\":\"de\"}]}<\/script>\n<!-- \/ Yoast SEO plugin. -->","yoast_head_json":{"title":"teaching - Werner H\u00fcsgen EN","robots":{"index":"index","follow":"follow","max-snippet":"max-snippet:-1","max-image-preview":"max-image-preview:large","max-video-preview":"max-video-preview:-1"},"canonical":"https:\/\/wernerhuesgen.de\/en\/teaching\/","og_locale":"de_DE","og_type":"article","og_title":"teaching - Werner H\u00fcsgen EN","og_description":"teaching Werner H\u00fcsgen ist Dozent f\u00fcr Saxophon und Ensemblespiel. Er gibt Workshops und erteilt \u2013 wenn es die Zeit zul\u00e4sst und bei gegenseitiger Wertsch\u00e4tzung \u2013 anspruchsvollen Privatunterricht auch f\u00fcr Sie! Im Laufe seines Musikerlebens hat Werner H\u00fcsgen schon viele am Saxophon Interessierte in Theorie und Praxis unterrichtet. Aktuell lehrt er im Rahmen des Kulturagenten-Programms der [&hellip;]","og_url":"https:\/\/wernerhuesgen.de\/en\/teaching\/","og_site_name":"Werner H\u00fcsgen EN","article_modified_time":"2021-08-04T09:06:10+00:00","og_image":[{"url":"https:\/\/wernerhuesgen.de\/en\/wp-content\/uploads\/sites\/6\/2020\/10\/Werner_Huesgen.jpg","type":"","width":"","height":""}],"twitter_card":"summary_large_image","twitter_misc":{"Gesch\u00e4tzte Lesezeit":"1\u00a0Minute"},"schema":{"@context":"https:\/\/schema.org","@graph":[{"@type":"WebPage","@id":"https:\/\/wernerhuesgen.de\/en\/teaching\/","url":"https:\/\/wernerhuesgen.de\/en\/teaching\/","name":"teaching - Werner H\u00fcsgen EN","isPartOf":{"@id":"https:\/\/wernerhuesgen.de\/en\/#website"},"primaryImageOfPage":{"@id":"https:\/\/wernerhuesgen.de\/en\/teaching\/#primaryimage"},"image":{"@id":"https:\/\/wernerhuesgen.de\/en\/teaching\/#primaryimage"},"thumbnailUrl":"https:\/\/wernerhuesgen.de\/en\/wp-content\/uploads\/sites\/6\/2020\/10\/Werner_Huesgen.jpg","datePublished":"2020-10-20T14:53:10+00:00","dateModified":"2021-08-04T09:06:10+00:00","breadcrumb":{"@id":"https:\/\/wernerhuesgen.de\/en\/teaching\/#breadcrumb"},"inLanguage":"de","potentialAction":[{"@type":"ReadAction","target":["https:\/\/wernerhuesgen.de\/en\/teaching\/"]}]},{"@type":"ImageObject","inLanguage":"de","@id":"https:\/\/wernerhuesgen.de\/en\/teaching\/#primaryimage","url":"https:\/\/wernerhuesgen.de\/en\/wp-content\/uploads\/sites\/6\/2020\/10\/Werner_Huesgen.jpg","contentUrl":"https:\/\/wernerhuesgen.de\/en\/wp-content\/uploads\/sites\/6\/2020\/10\/Werner_Huesgen.jpg","width":600,"height":400},{"@type":"BreadcrumbList","@id":"https:\/\/wernerhuesgen.de\/en\/teaching\/#breadcrumb","itemListElement":[{"@type":"ListItem","position":1,"name":"Startseite","item":"https:\/\/wernerhuesgen.de\/en\/"},{"@type":"ListItem","position":2,"name":"teaching"}]},{"@type":"WebSite","@id":"https:\/\/wernerhuesgen.de\/en\/#website","url":"https:\/\/wernerhuesgen.de\/en\/","name":"Werner H\u00fcsgen EN","description":"","potentialAction":[{"@type":"SearchAction","target":{"@type":"EntryPoint","urlTemplate":"https:\/\/wernerhuesgen.de\/en\/?s={search_term_string}"},"query-input":{"@type":"PropertyValueSpecification","valueRequired":true,"valueName":"search_term_string"}}],"inLanguage":"de"}]}},"_links":{"self":[{"href":"https:\/\/wernerhuesgen.de\/en\/wp-json\/wp\/v2\/pages\/48","targetHints":{"allow":["GET"]}}],"collection":[{"href":"https:\/\/wernerhuesgen.de\/en\/wp-json\/wp\/v2\/pages"}],"about":[{"href":"https:\/\/wernerhuesgen.de\/en\/wp-json\/wp\/v2\/types\/page"}],"author":[{"embeddable":true,"href":"https:\/\/wernerhuesgen.de\/en\/wp-json\/wp\/v2\/users\/2"}],"replies":[{"embeddable":true,"href":"https:\/\/wernerhuesgen.de\/en\/wp-json\/wp\/v2\/comments?post=48"}],"version-history":[{"count":9,"href":"https:\/\/wernerhuesgen.de\/en\/wp-json\/wp\/v2\/pages\/48\/revisions"}],"predecessor-version":[{"id":333,"href":"https:\/\/wernerhuesgen.de\/en\/wp-json\/wp\/v2\/pages\/48\/revisions\/333"}],"wp:attachment":[{"href":"https:\/\/wernerhuesgen.de\/en\/wp-json\/wp\/v2\/media?parent=48"}],"curies":[{"name":"wp","href":"https:\/\/api.w.org\/{rel}","templated":true}]}}